{"id":232,"date":"2025-03-25T18:32:57","date_gmt":"2025-03-25T17:32:57","guid":{"rendered":"https:\/\/emergis.info\/?page_id=232"},"modified":"2025-08-29T16:10:31","modified_gmt":"2025-08-29T14:10:31","slug":"casser-les-silos","status":"publish","type":"page","link":"https:\/\/emergis.info\/?page_id=232","title":{"rendered":"Casser les silos dans l&rsquo;entreprise pour et am\u00e9liorer l&rsquo;efficacit\u00e9 et la coh\u00e9sion d&rsquo;\u00e9quipe"},"content":{"rendered":"\n<h1 class=\"wp-block-heading has-text-align-center\"><strong>Casser les silos <\/strong><br><strong> dans l&rsquo;organisation<\/strong> <strong>pour et am\u00e9liorer l&rsquo;efficacit\u00e9 et la coh\u00e9sion d&rsquo;\u00e9quipe<\/strong><\/h1>\n\n\n\n<figure class=\"wp-block-image size-large\"><img loading=\"lazy\" decoding=\"async\" width=\"683\" height=\"1024\" src=\"https:\/\/emergis.info\/wp-content\/uploads\/2025\/03\/miha-rekar-wm9OmdN_Ig-unsplash-1-683x1024.jpg\" alt=\"\" class=\"wp-image-233\" style=\"aspect-ratio:3\/2;object-fit:contain\" srcset=\"https:\/\/emergis.info\/wp-content\/uploads\/2025\/03\/miha-rekar-wm9OmdN_Ig-unsplash-1-683x1024.jpg 683w, https:\/\/emergis.info\/wp-content\/uploads\/2025\/03\/miha-rekar-wm9OmdN_Ig-unsplash-1-200x300.jpg 200w, https:\/\/emergis.info\/wp-content\/uploads\/2025\/03\/miha-rekar-wm9OmdN_Ig-unsplash-1-768x1152.jpg 768w, https:\/\/emergis.info\/wp-content\/uploads\/2025\/03\/miha-rekar-wm9OmdN_Ig-unsplash-1-1024x1536.jpg 1024w, https:\/\/emergis.info\/wp-content\/uploads\/2025\/03\/miha-rekar-wm9OmdN_Ig-unsplash-1-1366x2048.jpg 1366w, https:\/\/emergis.info\/wp-content\/uploads\/2025\/03\/miha-rekar-wm9OmdN_Ig-unsplash-1-scaled.jpg 1707w\" sizes=\"auto, (max-width: 683px) 100vw, 683px\" \/><\/figure>\n\n\n\n<div class=\"wp-block-group is-layout-grid wp-container-core-group-is-layout-e2bd5cb0 wp-block-group-is-layout-grid\">\n<h3 class=\"wp-block-heading has-text-align-center has-large-font-size wp-container-content-64aeeb98\">Casser les silos dans l&rsquo;entreprise, c&rsquo;est am\u00e9liorer la transversalit\u00e9 dans l&rsquo;organisation, renforcer la collaboration et la coh\u00e9sion au service d&rsquo;un projet commun.<\/h3>\n\n\n\n<h3 class=\"wp-block-heading has-text-align-center has-large-font-size wp-container-content-64aeeb98\"><strong>Pourquoi am\u00e9liorer la transversalit\u00e9 ?<\/strong><\/h3>\n\n\n\n<ul class=\"wp-block-list\">\n<li>Pour donner un nouvel \u00e9lan  \u00e0 vos \u00e9quipes et \u00e0 votre entreprise<\/li>\n\n\n\n<li>Pour diminuer les tensions et conflits<\/li>\n\n\n\n<li>Pour renforcer la coh\u00e9sion d&rsquo;\u00e9quipe<\/li>\n\n\n\n<li class=\"has-medium-font-size\">Pour vous concentrer sur l&rsquo;essentiel<\/li>\n<\/ul>\n\n\n\n<h3 class=\"wp-block-heading has-text-align-center has-large-font-size wp-container-content-64aeeb98\"><br><strong>Comment s&rsquo;y prendre ?<\/strong><\/h3>\n\n\n\n<p class=\"wp-container-content-64aeeb98\">Emergis vous accompagne  afin d&rsquo;animer les \u00e9quipes pour :<\/p>\n\n\n\n<ul class=\"wp-block-list\">\n<li>Poser les probl\u00e8mes<\/li>\n\n\n\n<li>Analyser les processus<\/li>\n\n\n\n<li>Interroger les interactions <\/li>\n\n\n\n<li>Se parler &#8230;<\/li>\n<\/ul>\n<\/div>\n\n\n\n<div class=\"wp-block-group alignwide has-global-padding is-layout-constrained wp-block-group-is-layout-constrained\">\n<p><strong>Vous avez un projet ou des questions pour am\u00e9liorer la transversalit\u00e9 dans votre structure ?<\/strong><\/p>\n\n\n\n<div class=\"wp-block-buttons is-layout-flex wp-block-buttons-is-layout-flex\">\n<div class=\"wp-block-button has-custom-width wp-block-button__width-100 is-style-fill\"><a class=\"wp-block-button__link has-accent-2-background-color has-background wp-element-button\" href=\"https:\/\/emergis.info\/?page_id=80\" target=\"_blank\" rel=\"noreferrer noopener\"><strong>Contactez nous<\/strong><\/a><\/div>\n<\/div>\n\n\n\n<p>Nous \u00e9tudierons ensemble votre besoin et nous vous ferons une proposition adapt\u00e9e qui prenne en compte votre culture et vos contraintes.<br><br>Bas\u00e9s \u00e0 Salon de Provence, Nous intervenons directement en pr\u00e9sentiel dans la r\u00e9gion Sud, <strong>Marseille, Aix en Provence, Avignon, Arles , <\/strong>et au del\u00e0.<br><\/p>\n\n\n\n<hr class=\"wp-block-separator has-alpha-channel-opacity\"\/>\n<\/div>\n\n\n\n<h2 class=\"wp-block-heading\"><a href=\"https:\/\/emergis.info\/?page_id=577\" target=\"_blank\" rel=\"noopener\" title=\"T\u00e9moignage casser les silos\">T\u00e9moignage casser les silos<\/a><\/h2>\n\n\n\n<div style=\"height:19px\" aria-hidden=\"true\" class=\"wp-block-spacer\"><\/div>\n\n\n\n<div class=\"wp-block-group has-global-padding is-layout-constrained wp-block-group-is-layout-constrained\">\n<div class=\"wp-block-buttons is-layout-flex wp-block-buttons-is-layout-flex\">\n<div class=\"wp-block-button\"><a class=\"wp-block-button__link has-contrast-color has-accent-4-background-color has-text-color has-background has-link-color wp-element-button\" href=\"https:\/\/emergis.info\/?page_id=77\" target=\"_blank\" rel=\"noreferrer noopener\">Qui sommes nous <\/a><\/div>\n\n\n\n<div class=\"wp-block-button\"><a class=\"wp-block-button__link wp-element-button\" href=\"https:\/\/emergis.info\/?page_id=432\" target=\"_blank\" rel=\"noreferrer noopener\">R\u00e9f\u00e9rences <\/a><\/div>\n\n\n\n<div class=\"wp-block-button\"><a class=\"wp-block-button__link wp-element-button\" href=\"https:\/\/emergis.info\/?page_id=544\" target=\"_blank\" rel=\"noreferrer noopener\">T\u00e9moignages<\/a><\/div>\n<\/div>\n\n\n\n<p><br><\/p>\n<\/div>\n","protected":false},"excerpt":{"rendered":"<p>Casser les silos dans l&rsquo;organisation pour et am\u00e9liorer l&rsquo;efficacit\u00e9 et la coh\u00e9sion d&rsquo;\u00e9quipe Casser les silos dans l&rsquo;entreprise, c&rsquo;est am\u00e9liorer la transversalit\u00e9 dans l&rsquo;organisation, renforcer la collaboration et la coh\u00e9sion au service d&rsquo;un projet commun. Pourquoi am\u00e9liorer la transversalit\u00e9 ? Comment s&rsquo;y prendre ? Emergis vous accompagne afin d&rsquo;animer les \u00e9quipes pour : Vous avez [&hellip;]<\/p>\n","protected":false},"author":1,"featured_media":0,"parent":0,"menu_order":0,"comment_status":"closed","ping_status":"closed","template":"","meta":{"_monsterinsights_skip_tracking":false,"_monsterinsights_sitenote_active":false,"_monsterinsights_sitenote_note":"","_monsterinsights_sitenote_category":0,"footnotes":""},"class_list":["post-232","page","type-page","status-publish","hentry"],"aioseo_notices":[],"_links":{"self":[{"href":"https:\/\/emergis.info\/index.php?rest_route=\/wp\/v2\/pages\/232","targetHints":{"allow":["GET"]}}],"collection":[{"href":"https:\/\/emergis.info\/index.php?rest_route=\/wp\/v2\/pages"}],"about":[{"href":"https:\/\/emergis.info\/index.php?rest_route=\/wp\/v2\/types\/page"}],"author":[{"embeddable":true,"href":"https:\/\/emergis.info\/index.php?rest_route=\/wp\/v2\/users\/1"}],"replies":[{"embeddable":true,"href":"https:\/\/emergis.info\/index.php?rest_route=%2Fwp%2Fv2%2Fcomments&post=232"}],"version-history":[{"count":17,"href":"https:\/\/emergis.info\/index.php?rest_route=\/wp\/v2\/pages\/232\/revisions"}],"predecessor-version":[{"id":640,"href":"https:\/\/emergis.info\/index.php?rest_route=\/wp\/v2\/pages\/232\/revisions\/640"}],"wp:attachment":[{"href":"https:\/\/emergis.info\/index.php?rest_route=%2Fwp%2Fv2%2Fmedia&parent=232"}],"curies":[{"name":"wp","href":"https:\/\/api.w.org\/{rel}","templated":true}]}}