{"id":182,"date":"2025-03-25T13:07:53","date_gmt":"2025-03-25T12:07:53","guid":{"rendered":"https:\/\/emergis.info\/?page_id=182"},"modified":"2025-08-29T16:31:47","modified_gmt":"2025-08-29T14:31:47","slug":"changement","status":"publish","type":"page","link":"https:\/\/emergis.info\/?page_id=182","title":{"rendered":"Conseil en Gestion du Changement"},"content":{"rendered":"\n<h1 class=\"wp-block-heading alignwide\">Conseil en organisation, management et gestion du changement pour <\/h1>\n\n\n\n<h1 class=\"wp-block-heading\">Emergis vous accompagne pour faire du changement en entreprise une opportunit\u00e9<\/h1>\n\n\n\n<div class=\"wp-block-group alignfull has-base-background-color has-background has-global-padding is-layout-constrained wp-container-core-group-is-layout-d89aad35 wp-block-group-is-layout-constrained\" style=\"margin-top:0;margin-bottom:0;padding-top:var(--wp--preset--spacing--50);padding-right:var(--wp--preset--spacing--50);padding-bottom:var(--wp--preset--spacing--50);padding-left:var(--wp--preset--spacing--50)\">\n<div class=\"wp-block-columns alignwide is-layout-flex wp-container-core-columns-is-layout-549b0c86 wp-block-columns-is-layout-flex\">\n<div class=\"wp-block-column has-global-padding is-content-justification-left is-layout-constrained wp-container-core-column-is-layout-4f15e8fe wp-block-column-is-layout-constrained\" style=\"flex-basis:40%\">\n<figure class=\"wp-block-image alignwide size-large\" style=\"margin-top:var(--wp--preset--spacing--10);margin-right:var(--wp--preset--spacing--10);margin-bottom:var(--wp--preset--spacing--10);margin-left:var(--wp--preset--spacing--10)\"><img loading=\"lazy\" decoding=\"async\" width=\"1024\" height=\"637\" src=\"https:\/\/emergis.info\/wp-content\/uploads\/2025\/03\/hakon-grimstad-hteXWSF9jA4-unsplash-1-1-1024x637.jpg\" alt=\"\" class=\"wp-image-204\" srcset=\"https:\/\/emergis.info\/wp-content\/uploads\/2025\/03\/hakon-grimstad-hteXWSF9jA4-unsplash-1-1-1024x637.jpg 1024w, https:\/\/emergis.info\/wp-content\/uploads\/2025\/03\/hakon-grimstad-hteXWSF9jA4-unsplash-1-1-300x187.jpg 300w, https:\/\/emergis.info\/wp-content\/uploads\/2025\/03\/hakon-grimstad-hteXWSF9jA4-unsplash-1-1-768x478.jpg 768w, https:\/\/emergis.info\/wp-content\/uploads\/2025\/03\/hakon-grimstad-hteXWSF9jA4-unsplash-1-1-1536x956.jpg 1536w, https:\/\/emergis.info\/wp-content\/uploads\/2025\/03\/hakon-grimstad-hteXWSF9jA4-unsplash-1-1-2048x1275.jpg 2048w\" sizes=\"auto, (max-width: 1024px) 100vw, 1024px\" \/><\/figure>\n\n\n\n<p>R\u00e9ussir un changement organisationnel&nbsp;n\u00e9cessite une r\u00e9elle&nbsp;expertise organisationnelle et manag\u00e9riale.<\/p>\n<\/div>\n\n\n\n<div class=\"wp-block-column is-layout-flow wp-container-core-column-is-layout-119bc444 wp-block-column-is-layout-flow\" style=\"flex-basis:60%\">\n<div class=\"wp-block-columns is-layout-flex wp-container-core-columns-is-layout-87beb0d0 wp-block-columns-is-layout-flex\">\n<div class=\"wp-block-column is-layout-flow wp-block-column-is-layout-flow\">\n<p><strong>Le changement organisationnel&nbsp;touche aussi bien :<\/strong><\/p>\n\n\n\n<ul class=\"wp-block-list\">\n<li>La posture attendue,<\/li>\n\n\n\n<li>Les comp\u00e9tences \u00e0 mettre en \u0153uvre,<\/li>\n\n\n\n<li>Le c\u0153ur de m\u00e9tier parfois,<\/li>\n\n\n\n<li>Les outils ou les m\u00e9thodes de travail,<\/li>\n\n\n\n<li>Le mode de suivi et d\u2019\u00e9valuation,<\/li>\n\n\n\n<li>Les liens fonctionnels ou hi\u00e9rarchiques,<\/li>\n\n\n\n<li>Les lieux et agencement des postes de travail<\/li>\n<\/ul>\n<\/div>\n<\/div>\n<\/div>\n<\/div>\n<\/div>\n\n\n\n<p><strong>Emergis<\/strong>&nbsp;vous apporte son expertise&nbsp;et vous&nbsp; accompagne&nbsp;pour r\u00e9ussir vos&nbsp;&nbsp;changements&nbsp; organisationnels<\/p>\n\n\n\n<h2 class=\"wp-block-heading\"> T\u00e9moignages accompagnement au changement<\/h2>\n\n\n\n<div class=\"wp-block-columns is-layout-flex wp-container-core-columns-is-layout-28f84493 wp-block-columns-is-layout-flex\">\n<div class=\"wp-block-column is-layout-flow wp-block-column-is-layout-flow\">\n<h3 class=\"wp-block-heading\"><a href=\"https:\/\/emergis.info\/?page_id=501\" data-type=\"page\" data-id=\"501\" target=\"_blank\" rel=\"noreferrer noopener\"><strong>Accompagnement en organisation et managemen<\/strong>t<\/a><\/h3>\n\n\n\n<p><a href=\"\" title=\"\">Librairie Les Furtifs<\/a>, Aubagne<\/p>\n<\/div>\n\n\n\n<div class=\"wp-block-column is-layout-flow wp-block-column-is-layout-flow\">\n<h3 class=\"wp-block-heading\"><strong><a href=\"https:\/\/emergis.info\/?page_id=498\" data-type=\"page\" data-id=\"498\" target=\"_blank\" rel=\"noreferrer noopener\">Accompagnement au changement<\/a><\/strong> <\/h3>\n\n\n\n<p><a href=\"https:\/\/canaldeprovence.com\/\" data-type=\"link\" data-id=\"https:\/\/canaldeprovence.com\/\" target=\"_blank\" rel=\"noreferrer noopener\">Soci\u00e9t\u00e9 du Canal de Provence<\/a><\/p>\n\n\n\n<div style=\"height:100px\" aria-hidden=\"true\" class=\"wp-block-spacer\"><\/div>\n<\/div>\n<\/div>\n\n\n\n<div class=\"wp-block-cover wp-duotone-unset-1\"><img loading=\"lazy\" decoding=\"async\" width=\"2560\" height=\"1700\" class=\"wp-block-cover__image-background wp-image-186\" alt=\"\" src=\"https:\/\/emergis.info\/wp-content\/uploads\/2025\/03\/suzanne-d-williams-VMKBFR6r_jg-unsplash-2-scaled.jpg\" data-object-fit=\"cover\" srcset=\"https:\/\/emergis.info\/wp-content\/uploads\/2025\/03\/suzanne-d-williams-VMKBFR6r_jg-unsplash-2-scaled.jpg 2560w, https:\/\/emergis.info\/wp-content\/uploads\/2025\/03\/suzanne-d-williams-VMKBFR6r_jg-unsplash-2-300x199.jpg 300w, https:\/\/emergis.info\/wp-content\/uploads\/2025\/03\/suzanne-d-williams-VMKBFR6r_jg-unsplash-2-1024x680.jpg 1024w, https:\/\/emergis.info\/wp-content\/uploads\/2025\/03\/suzanne-d-williams-VMKBFR6r_jg-unsplash-2-768x510.jpg 768w, https:\/\/emergis.info\/wp-content\/uploads\/2025\/03\/suzanne-d-williams-VMKBFR6r_jg-unsplash-2-1536x1020.jpg 1536w, https:\/\/emergis.info\/wp-content\/uploads\/2025\/03\/suzanne-d-williams-VMKBFR6r_jg-unsplash-2-2048x1360.jpg 2048w\" sizes=\"auto, (max-width: 2560px) 100vw, 2560px\" \/><span aria-hidden=\"true\" class=\"wp-block-cover__background has-background-dim\"><\/span><div class=\"wp-block-cover__inner-container is-layout-flow wp-block-cover-is-layout-flow\">\n<p class=\"has-text-align-center has-large-font-size\">Pour que le changement devienne une opportunit\u00e9 de cr\u00e9er ou d&rsquo;enrichir un projet mobilisateur &#8230;<\/p>\n\n\n\n<p class=\"has-text-align-center has-large-font-size\">&#8230; au service de la performance globale de la structure et du bien \u00eatre des \u00e9quipes<\/p>\n<\/div><\/div>\n\n\n\n<h3 class=\"wp-block-heading\">Vous avez un projet de gestion du changement?<\/h3>\n\n\n\n<div class=\"wp-block-group alignwide has-global-padding is-layout-constrained wp-block-group-is-layout-constrained\">\n<div class=\"wp-block-buttons is-layout-flex wp-block-buttons-is-layout-flex\">\n<div class=\"wp-block-button has-custom-width wp-block-button__width-100 is-style-fill\"><a class=\"wp-block-button__link has-accent-2-background-color has-background wp-element-button\" href=\"https:\/\/emergis.info\/?page_id=80\" target=\"_blank\" rel=\"noreferrer noopener\"><strong>Contactez nous<\/strong><\/a><\/div>\n<\/div>\n\n\n\n<p>Nous \u00e9tudierons ensemble votre besoin et nous vous ferons une proposition adapt\u00e9e qui prenne en compte votre culture et vos contraintes.<\/p>\n\n\n\n<p><strong>Interventions sous forme de Conseil, d&rsquo;Accompagnement ou de Formation.<\/strong><br><br>Bas\u00e9s \u00e0 Salon de Provence, Nous intervenons directement en pr\u00e9sentiel \u00e0 <strong>Marseille, Aix en Provence, Avignon, Arles , <\/strong>et au del\u00e0.<\/p>\n\n\n\n<p>Nous nous engageons \u00e0 vous r\u00e9pondre sous 48h jours ouvr\u00e9s.<br><\/p>\n\n\n\n<hr class=\"wp-block-separator has-alpha-channel-opacity\"\/>\n<\/div>\n\n\n\n<div class=\"wp-block-buttons is-layout-flex wp-block-buttons-is-layout-flex\">\n<div class=\"wp-block-button\"><a class=\"wp-block-button__link has-contrast-color has-accent-4-background-color has-text-color has-background has-link-color wp-element-button\" href=\"https:\/\/emergis.info\/?page_id=77\" target=\"_blank\" rel=\"noreferrer noopener\">Qui sommes nous <\/a><\/div>\n\n\n\n<div class=\"wp-block-button\"><a class=\"wp-block-button__link wp-element-button\" href=\"https:\/\/emergis.info\/?page_id=432\" target=\"_blank\" rel=\"noreferrer noopener\">R\u00e9f\u00e9rences <\/a><\/div>\n\n\n\n<div class=\"wp-block-button\"><a class=\"wp-block-button__link wp-element-button\" href=\"https:\/\/emergis.info\/?page_id=544\" target=\"_blank\" rel=\"noreferrer noopener\">T\u00e9moignages<\/a><\/div>\n<\/div>\n","protected":false},"excerpt":{"rendered":"<p>Conseil en organisation, management et gestion du changement pour Emergis vous accompagne pour faire du changement en entreprise une opportunit\u00e9 R\u00e9ussir un changement organisationnel&nbsp;n\u00e9cessite une r\u00e9elle&nbsp;expertise organisationnelle et manag\u00e9riale. Le changement organisationnel&nbsp;touche aussi bien : Emergis&nbsp;vous apporte son expertise&nbsp;et vous&nbsp; accompagne&nbsp;pour r\u00e9ussir vos&nbsp;&nbsp;changements&nbsp; organisationnels T\u00e9moignages accompagnement au changement Accompagnement en organisation et management Librairie Les [&hellip;]<\/p>\n","protected":false},"author":1,"featured_media":0,"parent":17,"menu_order":0,"comment_status":"closed","ping_status":"closed","template":"","meta":{"_monsterinsights_skip_tracking":false,"_monsterinsights_sitenote_active":false,"_monsterinsights_sitenote_note":"","_monsterinsights_sitenote_category":0,"footnotes":""},"class_list":["post-182","page","type-page","status-publish","hentry"],"aioseo_notices":[],"_links":{"self":[{"href":"https:\/\/emergis.info\/index.php?rest_route=\/wp\/v2\/pages\/182","targetHints":{"allow":["GET"]}}],"collection":[{"href":"https:\/\/emergis.info\/index.php?rest_route=\/wp\/v2\/pages"}],"about":[{"href":"https:\/\/emergis.info\/index.php?rest_route=\/wp\/v2\/types\/page"}],"author":[{"embeddable":true,"href":"https:\/\/emergis.info\/index.php?rest_route=\/wp\/v2\/users\/1"}],"replies":[{"embeddable":true,"href":"https:\/\/emergis.info\/index.php?rest_route=%2Fwp%2Fv2%2Fcomments&post=182"}],"version-history":[{"count":22,"href":"https:\/\/emergis.info\/index.php?rest_route=\/wp\/v2\/pages\/182\/revisions"}],"predecessor-version":[{"id":666,"href":"https:\/\/emergis.info\/index.php?rest_route=\/wp\/v2\/pages\/182\/revisions\/666"}],"up":[{"embeddable":true,"href":"https:\/\/emergis.info\/index.php?rest_route=\/wp\/v2\/pages\/17"}],"wp:attachment":[{"href":"https:\/\/emergis.info\/index.php?rest_route=%2Fwp%2Fv2%2Fmedia&parent=182"}],"curies":[{"name":"wp","href":"https:\/\/api.w.org\/{rel}","templated":true}]}}